{"id":37,"date":"2016-01-21T06:42:10","date_gmt":"2016-01-21T06:42:10","guid":{"rendered":"http:\/\/demo.themegrill.com\/explore\/?page_id=37"},"modified":"2026-01-25T20:03:08","modified_gmt":"2026-01-25T20:03:08","slug":"front-page","status":"publish","type":"page","link":"https:\/\/www.tutvcultural.com\/","title":{"rendered":"Independent TV \/ TV independiente"},"content":{"rendered":"<p class=\"my-2 [&amp;+p]:mt-4 [&amp;_strong:has(+br)]:inline-block [&amp;_strong:has(+br)]:pb-2\"><strong>Discover the Mexico you don&#8217;t see<\/strong><\/p>\n<p class=\"my-2 [&amp;+p]:mt-4 [&amp;_strong:has(+br)]:inline-block [&amp;_strong:has(+br)]:pb-2\">A documentary series that reveals the social and cultural essence of modern and traditional Mexico, combating infodemia with authentic stories of anthropology, customs, traditional cuisine, art, and music.<\/p>\n<p><strong><em>Descubre el M\u00e9xico que no ves<\/em><\/strong><\/p>\n<p>Una serie documental que revela la esencia social y cultural del M\u00e9xico moderno y tradicional, combatiendo la infodemia con historias aut\u00e9nticas de antropolog\u00eda, costumbres, cocina tradicional, arte y m\u00fasica.<\/p>\n<p style=\"text-align: right;\"><a href=\"https:\/\/www.tutvcultural.com\/?page_id=288\"><em>Our Trajectory \/ Nuestra trayectoria<\/em><\/a><\/p>\n\n\n<div style=\"padding:56.25% 0 0 0;position:relative;\"><iframe src=\"https:\/\/player.vimeo.com\/video\/1155743607?badge=0&amp;autopause=0&amp;player_id=0&amp;app_id=58479\" frameborder=\"0\" allow=\"autoplay; fullscreen; picture-in-picture; clipboard-write; encrypted-media; web-share\" referrerpolicy=\"strict-origin-when-cross-origin\" style=\"position:absolute;top:0;left:0;width:100%;height:100%;\" title=\"M\u00e9xico Profundo Trailer\"><\/iframe><\/div><script src=\"https:\/\/player.vimeo.com\/api\/player.js\"><\/script>\n\n\n\n<div style=\"height:35px\" aria-hidden=\"true\" class=\"wp-block-spacer\"><\/div>\n\n\n\n<figure class=\"wp-block-embed is-type-video is-provider-youtube wp-block-embed-youtube wp-embed-aspect-16-9 wp-has-aspect-ratio\"><div class=\"wp-block-embed__wrapper\">\n<iframe loading=\"lazy\" title=\"Discover Mexico\u2019s Hidden Wonders!\" width=\"500\" height=\"281\" src=\"https:\/\/www.youtube.com\/embed\/v3pFy2H26Zw?feature=oembed\" frameborder=\"0\" allow=\"accelerometer; autoplay; clipboard-write; encrypted-media; gyroscope; picture-in-picture; web-share\" referrerpolicy=\"strict-origin-when-cross-origin\" allowfullscreen><\/iframe>\n<\/div><\/figure>\n\n\n\n<div style=\"height:35px\" aria-hidden=\"true\" class=\"wp-block-spacer\"><\/div>\n\n\n\n<div class=\"wp-block-columns is-layout-flex wp-container-core-columns-is-layout-9d6595d7 wp-block-columns-is-layout-flex\">\n<div class=\"wp-block-column is-vertically-aligned-top is-layout-flow wp-block-column-is-layout-flow\">\n<p>Discover our programming, available for broadcast on free-to-air TV or via cable systems.<\/p>\n<h3><a href=\"https:\/\/www.tutvcultural.com\/?page_id=264\" target=\"_blank\" rel=\"noopener\">Browse the Catalog<\/a><\/h3>\n<\/div>\n\n\n\n<div class=\"wp-block-column is-vertically-aligned-center is-layout-flow wp-block-column-is-layout-flow\">\n<p>Conozca nuestra programaci\u00f3n, disponible para transmisi\u00f3n en TV abierta o mediante sistemas de cable.<\/p>\n<h3><a href=\"https:\/\/www.tutvcultural.com\/?page_id=111\">Conozca el Cat\u00e1logo<\/a><\/h3>\n<\/div>\n<\/div>\n\n\n\n<div style=\"height:35px\" aria-hidden=\"true\" class=\"wp-block-spacer\"><\/div>\n\n\n\n<figure class=\"wp-block-embed is-type-video is-provider-youtube wp-block-embed-youtube wp-embed-aspect-16-9 wp-has-aspect-ratio\"><div class=\"wp-block-embed__wrapper\">\n<iframe loading=\"lazy\" title=\"Tlaxcala carnival\" width=\"500\" height=\"281\" src=\"https:\/\/www.youtube.com\/embed\/tcMdUavIZHo?feature=oembed\" frameborder=\"0\" allow=\"accelerometer; autoplay; clipboard-write; encrypted-media; gyroscope; picture-in-picture; web-share\" referrerpolicy=\"strict-origin-when-cross-origin\" allowfullscreen><\/iframe>\n<\/div><\/figure>\n\n\n\n<div class=\"wp-block-group is-layout-grid wp-container-core-group-is-layout-baef362d wp-block-group-is-layout-grid\">\n<figure class=\"wp-block-embed is-type-video is-provider-youtube wp-block-embed-youtube wp-embed-aspect-16-9 wp-has-aspect-ratio\"><div class=\"wp-block-embed__wrapper\">\n<iframe loading=\"lazy\" title=\"\u00a1Descubre la m\u00fasica y tradiciones del Xantolo!\" width=\"500\" height=\"281\" src=\"https:\/\/www.youtube.com\/embed\/cQedFyjcWmQ?feature=oembed\" frameborder=\"0\" allow=\"accelerometer; autoplay; clipboard-write; encrypted-media; gyroscope; picture-in-picture; web-share\" referrerpolicy=\"strict-origin-when-cross-origin\" allowfullscreen><\/iframe>\n<\/div><\/figure>\n\n\n\n<figure class=\"wp-block-embed is-type-video is-provider-youtube wp-block-embed-youtube wp-embed-aspect-16-9 wp-has-aspect-ratio\"><div class=\"wp-block-embed__wrapper\">\n<iframe loading=\"lazy\" title=\"\u00bfSab\u00edas que el #Tepozteco esconde un para\u00edso natural?\" width=\"500\" height=\"281\" src=\"https:\/\/www.youtube.com\/embed\/i0s8_QbTOK4?feature=oembed\" frameborder=\"0\" allow=\"accelerometer; autoplay; clipboard-write; encrypted-media; gyroscope; picture-in-picture; web-share\" referrerpolicy=\"strict-origin-when-cross-origin\" allowfullscreen><\/iframe>\n<\/div><\/figure>\n<\/div>\n","protected":false},"excerpt":{"rendered":"<p>Discover the Mexico you don&#8217;t see A documentary series that reveals the social and cultural essence of modern and traditional Mexico, combating infodemia with authentic stories of anthropology, customs, traditional cuisine, art, and music. Descubre el M\u00e9xico que no ves Una serie documental que revela la esencia social y cultural del M\u00e9xico moderno y tradicional, [&hellip;]<\/p>\n","protected":false},"author":1,"featured_media":242,"parent":0,"menu_order":0,"comment_status":"closed","ping_status":"closed","template":"","meta":{"footnotes":""},"class_list":["post-37","page","type-page","status-publish","has-post-thumbnail","hentry"],"_links":{"self":[{"href":"https:\/\/www.tutvcultural.com\/index.php?rest_route=\/wp\/v2\/pages\/37","targetHints":{"allow":["GET"]}}],"collection":[{"href":"https:\/\/www.tutvcultural.com\/index.php?rest_route=\/wp\/v2\/pages"}],"about":[{"href":"https:\/\/www.tutvcultural.com\/index.php?rest_route=\/wp\/v2\/types\/page"}],"author":[{"embeddable":true,"href":"https:\/\/www.tutvcultural.com\/index.php?rest_route=\/wp\/v2\/users\/1"}],"replies":[{"embeddable":true,"href":"https:\/\/www.tutvcultural.com\/index.php?rest_route=%2Fwp%2Fv2%2Fcomments&post=37"}],"version-history":[{"count":59,"href":"https:\/\/www.tutvcultural.com\/index.php?rest_route=\/wp\/v2\/pages\/37\/revisions"}],"predecessor-version":[{"id":316,"href":"https:\/\/www.tutvcultural.com\/index.php?rest_route=\/wp\/v2\/pages\/37\/revisions\/316"}],"wp:featuredmedia":[{"embeddable":true,"href":"https:\/\/www.tutvcultural.com\/index.php?rest_route=\/wp\/v2\/media\/242"}],"wp:attachment":[{"href":"https:\/\/www.tutvcultural.com\/index.php?rest_route=%2Fwp%2Fv2%2Fmedia&parent=37"}],"curies":[{"name":"wp","href":"https:\/\/api.w.org\/{rel}","templated":true}]}}